{"id":56,"date":"2021-05-05T18:31:57","date_gmt":"2021-05-05T18:31:57","guid":{"rendered":"https:\/\/pelicanoshop.com\/?post_type=product&#038;p=56"},"modified":"2022-04-13T16:44:33","modified_gmt":"2022-04-13T14:44:33","slug":"auriculares-inalambricos-air-max-pro","status":"publish","type":"product","link":"https:\/\/pelicanoshop.com\/index.php\/product\/auriculares-inalambricos-air-max-pro\/","title":{"rendered":"Auriculares Inal\u00e1mbricos Air-Max Pro"},"content":{"rendered":"<div class=\"row align-equal row-box-shadow-2 row-box-shadow-5-hover\"  id=\"row-668180478\">\n\n\t<div id=\"col-310671923\" class=\"col medium-4 small-12 large-4\"  >\n\t\t\t\t<div class=\"col-inner\"  >\n\t\t\t\n\t\t\t\n  <div class=\"icon-box testimonial-box icon-box-center text-center\">\n                <div class=\"icon-box-img testimonial-image circle\" style=\"width: 121px\">\n                      <\/div>\n                <div class=\"icon-box-text p-last-0\">\n          <div class=\"star-rating\"><span style=\"width:100%\"><strong class=\"rating\"><\/strong><\/span><\/div>  \t\t\t\t<div class=\"testimonial-text line-height-small italic test_text first-reset last-reset is-italic\">\n            \n<div class=\"e-box h-p2 -stacked -radius-none\">\n<p class=\"t-body h-my1\">Dudo mucho que se puedan encontrar unos auriculares de mejor relaci\u00f3n calidad-precio. Enlazan bien con mi iPhone 7 y mi PC as\u00ed como con el otro m\u00f3vil con Android que tengo para trabajo. Lo que m\u00e1s destaco es la comodidad y ligereza; se sujetan perfectamente y puedes llevarlos horas, los uso para teletrabajar, y no molestan ni duelen, algo que me sol\u00eda pasar con cualquier auricular. La calidad de sonido en las llamadas es buena y no se aprecia lag.<br \/>\nConozco los AirPods, y obviamente estos auriculares no llegan a acercarse a esa calidad, pero quieren imitarlos y lo hacen de forma digna.<\/p>\n<\/div>\n          <\/div>\n          <div class=\"testimonial-meta pt-half\">\n             <strong class=\"testimonial-name test_name\">Javier Valdivia<\/strong>\n                          <span class=\"testimonial-company test_company\"><\/span>\n          <\/div>\n        <\/div>\n  <\/div>\n\n  \n\t\t<\/div>\n\t\t\t\t\t<\/div>\n\n\t\n\n\t<div id=\"col-1643520241\" class=\"col medium-4 small-12 large-4\"  >\n\t\t\t\t<div class=\"col-inner\"  >\n\t\t\t\n\t\t\t\n  <div class=\"icon-box testimonial-box icon-box-center text-center\">\n                <div class=\"icon-box-img testimonial-image circle\" style=\"width: 121px\">\n                      <\/div>\n                <div class=\"icon-box-text p-last-0\">\n          <div class=\"star-rating\"><span style=\"width:100%\"><strong class=\"rating\"><\/strong><\/span><\/div>  \t\t\t\t<div class=\"testimonial-text line-height-small italic test_text first-reset last-reset is-italic\">\n            \n<p>Genial todo, lo uso para el d\u00eda a d\u00eda y cumple en todas las condiciones.<br \/>\nSe adaptan bien a la oreja y son muy ligeros, apenas se nota que los llevas puestos<br \/>\nNo le veo ninguna pega, quiz\u00e1s por ponerle alguna es la duraci\u00f3n de la bater\u00eda de los propios auriculares que no aguantan una jornada de trabajo completa. Pero la caja tiene bastante capacidad y carga muy r\u00e1pido los auriculares, as\u00ed que no hay ning\u00fan problema.<br \/>\nTiene buen alcance y no distorsiona si nos alejamos un poco del m\u00f3vil, y la calidad de audio es excelente.<br \/>\nLo dicho, hoy por hoy es de lo mejor en cuanto a calidad\/precio.<\/p>\n          <\/div>\n          <div class=\"testimonial-meta pt-half\">\n             <strong class=\"testimonial-name test_name\">Ismael Martinez<\/strong>\n                          <span class=\"testimonial-company test_company\"><\/span>\n          <\/div>\n        <\/div>\n  <\/div>\n\n  \n\t\t<\/div>\n\t\t\t\t\t<\/div>\n\n\t\n\n\t<div id=\"col-886874522\" class=\"col medium-4 small-12 large-4\"  >\n\t\t\t\t<div class=\"col-inner\"  >\n\t\t\t\n\t\t\t\n  <div class=\"icon-box testimonial-box icon-box-center text-center\">\n                <div class=\"icon-box-img testimonial-image circle\" style=\"width: 121px\">\n                      <\/div>\n                <div class=\"icon-box-text p-last-0\">\n          <div class=\"star-rating\"><span style=\"width:100%\"><strong class=\"rating\"><\/strong><\/span><\/div>  \t\t\t\t<div class=\"testimonial-text line-height-small italic test_text first-reset last-reset is-italic\">\n            \n<p>Tengo unas orejas muy muy peque\u00f1as, de ni\u00f1a chica, y la mayor\u00eda de auriculares se me caen, por lo que necesito que sean peque\u00f1os y ligeros. Estos son muy parecidos a los de la marca de &#8220;la manzana&#8221; de dise\u00f1o, super ligeritos, y la caja de carga tambi\u00e9n es muy compacta.<br \/>\nMe encanta que no tenga botones t\u00e1ctiles como otros, ya que muchas veces al rozar un poco para recolocarlo colgaba las llamadas &#8230; Con estos el bot\u00f3n es f\u00edsico, de &#8220;click&#8221;.<br \/>\nLa caja da para cargarlo 5 veces, y cada carga dura unas 7-8h.<br \/>\nSe empareja super f\u00e1cil, con el m\u00f3vil damos a emparejar nuevo dispositivo y ya.<\/p>\n          <\/div>\n          <div class=\"testimonial-meta pt-half\">\n             <strong class=\"testimonial-name test_name\">Daniela Dom\u00ednguez<\/strong>\n                          <span class=\"testimonial-company test_company\"><\/span>\n          <\/div>\n        <\/div>\n  <\/div>\n\n  \n\t\t<\/div>\n\t\t\t\t\t<\/div>\n\n\t\n\n<style>\n#row-668180478 > .col > .col-inner {\n  padding: 30px 30px 30px 30px;\n}\n<\/style>\n<\/div>\n","protected":false},"excerpt":{"rendered":"<p>Nuestros auriculares inal\u00e1mbricos Air-Max Pro son la combinaci\u00f3n perfecta entre dise\u00f1o y funcionalidad.<\/p>\n<p>A un precio accesible, ya no tendr\u00e1s que renovar de forma peri\u00f3dica tus auriculares porque enredaste el cable y han dejado de funcionar.<\/p>\n<p>Disponen de una transmisi\u00f3n de audio est\u00e9reo v\u00eda bluetooth de alta calidad, as\u00ed como de un potente circuito de ruido.<\/p>\n<p>Adem\u00e1s, si como yo eres una persona que escucha m\u00fasica a todas horas, no te preocupes, porque en tan s\u00f3lo 1 hora la bater\u00eda se carga completamente.<\/p>\n<p>Su tama\u00f1o peque\u00f1o y su funci\u00f3n inal\u00e1mbrica los convierte en id\u00f3neos para hacer deporte sin tener unos cables que molestan al realizar ejercicio.<\/p>\n<p>Y si eres aficionado a la moda, tampoco desentonaran con tu conjunto.<\/p>\n<p>Air-Max Pro son la opci\u00f3n buena, bonita y barata que estabas buscando.<\/p>\n","protected":false},"featured_media":374,"template":"","meta":{"nf_dc_page":"","om_disable_all_campaigns":false,"_monsterinsights_skip_tracking":false,"_monsterinsights_sitenote_active":false,"_monsterinsights_sitenote_note":"","_monsterinsights_sitenote_category":0},"product_cat":[15],"product_tag":[],"jetpack_sharing_enabled":true,"_links":{"self":[{"href":"https:\/\/pelicanoshop.com\/index.php\/wp-json\/wp\/v2\/product\/56"}],"collection":[{"href":"https:\/\/pelicanoshop.com\/index.php\/wp-json\/wp\/v2\/product"}],"about":[{"href":"https:\/\/pelicanoshop.com\/index.php\/wp-json\/wp\/v2\/types\/product"}],"version-history":[{"count":16,"href":"https:\/\/pelicanoshop.com\/index.php\/wp-json\/wp\/v2\/product\/56\/revisions"}],"predecessor-version":[{"id":367,"href":"https:\/\/pelicanoshop.com\/index.php\/wp-json\/wp\/v2\/product\/56\/revisions\/367"}],"wp:featuredmedia":[{"embeddable":true,"href":"https:\/\/pelicanoshop.com\/index.php\/wp-json\/wp\/v2\/media\/374"}],"wp:attachment":[{"href":"https:\/\/pelicanoshop.com\/index.php\/wp-json\/wp\/v2\/media?parent=56"}],"wp:term":[{"taxonomy":"product_cat","embeddable":true,"href":"https:\/\/pelicanoshop.com\/index.php\/wp-json\/wp\/v2\/product_cat?post=56"},{"taxonomy":"product_tag","embeddable":true,"href":"https:\/\/pelicanoshop.com\/index.php\/wp-json\/wp\/v2\/product_tag?post=56"}],"curies":[{"name":"wp","href":"https:\/\/api.w.org\/{rel}","templated":true}]}}