{"id":50,"date":"2021-03-26T18:29:26","date_gmt":"2021-03-26T18:29:26","guid":{"rendered":"https:\/\/pelicanoshop.com\/?post_type=product&#038;p=50"},"modified":"2022-04-13T16:46:11","modified_gmt":"2022-04-13T14:46:11","slug":"electroestimulador-tethics","status":"publish","type":"product","link":"https:\/\/pelicanoshop.com\/index.php\/product\/electroestimulador-tethics\/","title":{"rendered":"Electroestimulador EMS"},"content":{"rendered":"<div class=\"row align-equal row-box-shadow-2 row-box-shadow-5-hover\"  id=\"row-685973686\">\n\n\t<div id=\"col-656035753\" class=\"col medium-4 small-12 large-4\"  >\n\t\t\t\t<div class=\"col-inner\"  >\n\t\t\t\n\t\t\t\n  <div class=\"icon-box testimonial-box icon-box-center text-center\">\n                <div class=\"icon-box-img testimonial-image circle\" style=\"width: 121px\">\n                      <\/div>\n                <div class=\"icon-box-text p-last-0\">\n          <div class=\"star-rating\"><span style=\"width:100%\"><strong class=\"rating\"><\/strong><\/span><\/div>  \t\t\t\t<div class=\"testimonial-text line-height-small italic test_text first-reset last-reset is-italic\">\n            \n<p>Lo utilizo casi todos los d\u00edas, una media hora aproximadamente y me resulta c\u00f3modo de usar, adem\u00e1s es f\u00e1cil de despegar los adhesivos.<br \/>\nEs posible ajustar la intensidad de la estimulaci\u00f3n de una manera simple e intuitiva. Hay muchos programas disponibles que difieren en intensidad y m\u00e9todo de contracci\u00f3n muscular.<br \/>\nNo es un aparato que haga milagros, est\u00e1 claro que hay que compaginarlo con una dieta saludable para ver sus efectivos resultados.<\/p>\n          <\/div>\n          <div class=\"testimonial-meta pt-half\">\n             <strong class=\"testimonial-name test_name\">Rodrigo D\u00edaz<\/strong>\n                          <span class=\"testimonial-company test_company\"><\/span>\n          <\/div>\n        <\/div>\n  <\/div>\n\n  \n\t\t<\/div>\n\t\t\t\t\t<\/div>\n\n\t\n\n\t<div id=\"col-1096372901\" class=\"col medium-4 small-12 large-4\"  >\n\t\t\t\t<div class=\"col-inner\"  >\n\t\t\t\n\t\t\t\n  <div class=\"icon-box testimonial-box icon-box-center text-center\">\n                <div class=\"icon-box-img testimonial-image circle\" style=\"width: 121px\">\n                      <\/div>\n                <div class=\"icon-box-text p-last-0\">\n          <div class=\"star-rating\"><span style=\"width:100%\"><strong class=\"rating\"><\/strong><\/span><\/div>  \t\t\t\t<div class=\"testimonial-text line-height-small italic test_text first-reset last-reset is-italic\">\n            \n<p>Trabajo mucho durante la semana y no tengo tiempo para ir al gym todo lo que me gustar\u00eda, esto es perfecto para esos d\u00edas, me ayuda a mantener la musculatura sin tener que perder tiempo, adem\u00e1s ahora con el teletrabajo lo puedo usar en cualquier momento y el poco tiempo que tengo disfrutarlo con amigos y familia. Es ideal!!!<br \/>\nEl precio es muy bajo para el buen trabajo que realiza.<br \/>\nLo recomiendo.<\/p>\n          <\/div>\n          <div class=\"testimonial-meta pt-half\">\n             <strong class=\"testimonial-name test_name\">Paula Montes<\/strong>\n                          <span class=\"testimonial-company test_company\"><\/span>\n          <\/div>\n        <\/div>\n  <\/div>\n\n  \n\t\t<\/div>\n\t\t\t\t\t<\/div>\n\n\t\n\n\t<div id=\"col-1783446897\" class=\"col medium-4 small-12 large-4\"  >\n\t\t\t\t<div class=\"col-inner\"  >\n\t\t\t\n\t\t\t\n  <div class=\"icon-box testimonial-box icon-box-center text-center\">\n                <div class=\"icon-box-img testimonial-image circle\" style=\"width: 121px\">\n                      <\/div>\n                <div class=\"icon-box-text p-last-0\">\n          <div class=\"star-rating\"><span style=\"width:100%\"><strong class=\"rating\"><\/strong><\/span><\/div>  \t\t\t\t<div class=\"testimonial-text line-height-small italic test_text first-reset last-reset is-italic\">\n            \n<div class=\"e-box h-p2 -stacked -radius-none\">\n<p class=\"t-body h-my1\">He estado us\u00e1ndolo casi todos los d\u00edas en brazos y abdomen, y puedo confirmar que el resultado es visible, tanto para mi marido como para mi.<br \/>\nAl llevar control de intensidad y diferentes posiciones cada uno lo ponemos a nuestro nivel, es muy intuitivo y se maneja de manera muy f\u00e1cil.<br \/>\nLa verdad es que al ver que tienes menos volumen te anima a hacer algo de ejercicio y a comer m\u00e1s sano.<\/p>\n<\/div>\n          <\/div>\n          <div class=\"testimonial-meta pt-half\">\n             <strong class=\"testimonial-name test_name\">Yamira Gonz\u00e1lez<\/strong>\n                          <span class=\"testimonial-company test_company\"><\/span>\n          <\/div>\n        <\/div>\n  <\/div>\n\n  \n\t\t<\/div>\n\t\t\t\t\t<\/div>\n\n\t\n\n<style>\n#row-685973686 > .col > .col-inner {\n  padding: 30px 30px 30px 30px;\n}\n<\/style>\n<\/div>\n","protected":false},"excerpt":{"rendered":"<p>La electroestimulaci\u00f3n deportiva, tambi\u00e9n llamada \u2018ejercicio pasivo\u2019, permite aumentar el tono muscular y mejorar la flacidez de los m\u00fasculos. Incrementa su volumen, su resistencia y su fuerza.<\/p>\n<p>Nuestro <em>Electroestimulador EMS<\/em>\u00a0es ideal para combinar con tu rutina de entrenamiento, ese plus que necesitas para poder presumir de cuerpazo en la playa este pr\u00f3ximo verano.<\/p>\n<p>Dispone de distintos programas e intensidades para as\u00ed adaptarse a tu estado de forma e ir progresando con el tiempo.<\/p>\n<p>Para conseguir un cuerpo 10 y proporcional te recomendamos adquirir el pack completo que consta de: un Cintur\u00f3n abdominal, dos Cinturones para Brazos y un Cintur\u00f3n para el Gluteo.<\/p>\n<p>El complemento que necesitas para quemar la grasa localizada y definir el m\u00fasculo.<\/p>\n","protected":false},"featured_media":51,"template":"","meta":{"nf_dc_page":"","om_disable_all_campaigns":false,"_monsterinsights_skip_tracking":false,"_monsterinsights_sitenote_active":false,"_monsterinsights_sitenote_note":"","_monsterinsights_sitenote_category":0},"product_cat":[15],"product_tag":[],"jetpack_sharing_enabled":true,"_links":{"self":[{"href":"https:\/\/pelicanoshop.com\/index.php\/wp-json\/wp\/v2\/product\/50"}],"collection":[{"href":"https:\/\/pelicanoshop.com\/index.php\/wp-json\/wp\/v2\/product"}],"about":[{"href":"https:\/\/pelicanoshop.com\/index.php\/wp-json\/wp\/v2\/types\/product"}],"version-history":[{"count":9,"href":"https:\/\/pelicanoshop.com\/index.php\/wp-json\/wp\/v2\/product\/50\/revisions"}],"predecessor-version":[{"id":426,"href":"https:\/\/pelicanoshop.com\/index.php\/wp-json\/wp\/v2\/product\/50\/revisions\/426"}],"wp:featuredmedia":[{"embeddable":true,"href":"https:\/\/pelicanoshop.com\/index.php\/wp-json\/wp\/v2\/media\/51"}],"wp:attachment":[{"href":"https:\/\/pelicanoshop.com\/index.php\/wp-json\/wp\/v2\/media?parent=50"}],"wp:term":[{"taxonomy":"product_cat","embeddable":true,"href":"https:\/\/pelicanoshop.com\/index.php\/wp-json\/wp\/v2\/product_cat?post=50"},{"taxonomy":"product_tag","embeddable":true,"href":"https:\/\/pelicanoshop.com\/index.php\/wp-json\/wp\/v2\/product_tag?post=50"}],"curies":[{"name":"wp","href":"https:\/\/api.w.org\/{rel}","templated":true}]}}