{"id":46,"date":"2021-03-20T21:07:50","date_gmt":"2021-03-20T21:07:50","guid":{"rendered":"https:\/\/pelicanoshop.com\/?post_type=product&#038;p=46"},"modified":"2022-04-13T16:47:23","modified_gmt":"2022-04-13T14:47:23","slug":"leggings-fitty","status":"publish","type":"product","link":"https:\/\/pelicanoshop.com\/index.php\/product\/leggings-fitty\/","title":{"rendered":"Leggings Fitshion"},"content":{"rendered":"<div class=\"row align-equal row-box-shadow-2 row-box-shadow-5-hover\"  id=\"row-1249851023\">\n\n\t<div id=\"col-1129796783\" class=\"col medium-4 small-12 large-4\"  >\n\t\t\t\t<div class=\"col-inner\"  >\n\t\t\t\n\t\t\t\n  <div class=\"icon-box testimonial-box icon-box-center text-center\">\n                <div class=\"icon-box-img testimonial-image circle\" style=\"width: 121px\">\n                      <\/div>\n                <div class=\"icon-box-text p-last-0\">\n          <div class=\"star-rating\"><span style=\"width:100%\"><strong class=\"rating\"><\/strong><\/span><\/div>  \t\t\t\t<div class=\"testimonial-text line-height-small italic test_text first-reset last-reset is-italic\">\n            \n<p>Genial!<br \/>\nSienta muy bien y tiene una tela muy agradable. Tengo una talla 40-42 de pantal\u00f3n y Compr\u00e9 una L. Pero Son muy el\u00e1sticos, por lo que una talla menos Habr\u00eda sido suficiente.<br \/>\nNo transparentan y se adaptan bien. Repetir\u00e9 compra seguro.<\/p>\n          <\/div>\n          <div class=\"testimonial-meta pt-half\">\n             <strong class=\"testimonial-name test_name\">Luc\u00eda Ruiz<\/strong>\n                          <span class=\"testimonial-company test_company\"><\/span>\n          <\/div>\n        <\/div>\n  <\/div>\n\n  \n\t\t<\/div>\n\t\t\t\t\t<\/div>\n\n\t\n\n\t<div id=\"col-923686958\" class=\"col medium-4 small-12 large-4\"  >\n\t\t\t\t<div class=\"col-inner\"  >\n\t\t\t\n\t\t\t\n  <div class=\"icon-box testimonial-box icon-box-center text-center\">\n                <div class=\"icon-box-img testimonial-image circle\" style=\"width: 121px\">\n                      <\/div>\n                <div class=\"icon-box-text p-last-0\">\n          <div class=\"star-rating\"><span style=\"width:100%\"><strong class=\"rating\"><\/strong><\/span><\/div>  \t\t\t\t<div class=\"testimonial-text line-height-small italic test_text first-reset last-reset is-italic\">\n            \n<p>Para mi sorpresa quedan perfectos, no se transparentan nada (cosa que odio en los gimnasios), tampoco se bajan y para las chicas altas quedan genial.<br \/>\nQuiz\u00e1s una talla menos me hubiera apretado m\u00e1s y quedado a\u00fan mejor, pero se hubieran transparentando.<br \/>\nPD: te hace un buen culo.<\/p>\n          <\/div>\n          <div class=\"testimonial-meta pt-half\">\n             <strong class=\"testimonial-name test_name\">Alba Martin<\/strong>\n                          <span class=\"testimonial-company test_company\"><\/span>\n          <\/div>\n        <\/div>\n  <\/div>\n\n  \n\t\t<\/div>\n\t\t\t\t\t<\/div>\n\n\t\n\n\t<div id=\"col-1677888137\" class=\"col medium-4 small-12 large-4\"  >\n\t\t\t\t<div class=\"col-inner\"  >\n\t\t\t\n\t\t\t\n  <div class=\"icon-box testimonial-box icon-box-center text-center\">\n                <div class=\"icon-box-img testimonial-image circle\" style=\"width: 121px\">\n                      <\/div>\n                <div class=\"icon-box-text p-last-0\">\n          <div class=\"star-rating\"><span style=\"width:100%\"><strong class=\"rating\"><\/strong><\/span><\/div>  \t\t\t\t<div class=\"testimonial-text line-height-small italic test_text first-reset last-reset is-italic\">\n            \n<p>Estos pantalones te hacen un culazo incre\u00edble!!!! Adem\u00e1s de que son muy c\u00f3modos para hacer ejercicio. Si quieres lucir dos buenos globitos este es tu pantal\u00f3n. Aunque no tengas culo esto te lo marca que da alegr\u00eda verse al espejo. Adem\u00e1s por el tipo de tela que tiene disimula la celulitis.<\/p>\n          <\/div>\n          <div class=\"testimonial-meta pt-half\">\n             <strong class=\"testimonial-name test_name\">Jessica Moreno<\/strong>\n                          <span class=\"testimonial-company test_company\"><\/span>\n          <\/div>\n        <\/div>\n  <\/div>\n\n  \n\t\t<\/div>\n\t\t\t\t\t<\/div>\n\n\t\n\n<style>\n#row-1249851023 > .col > .col-inner {\n  padding: 30px 30px 30px 30px;\n}\n<\/style>\n<\/div>\n","protected":false},"excerpt":{"rendered":"<p>Las mallas Fitshion son la opci\u00f3n perfecta para hacer deporte o estar c\u00f3moda en casa.<\/p>\n<p>Con efecto &#8220;push up&#8221; y anticelul\u00edtico, estos leggings realzan tu figura y aplanan el vientre.<\/p>\n<p>Adem\u00e1s, son transpirables lo cual los convierten en funcionales para llevar a cabo tus entrenamientos en el gimnasio.<\/p>\n<p>Se agarran de manera ligera y no se deslizan, no dejan marcas y se ajustan con comodidad. Son muy f\u00e1ciles de combinar con distintas prendas, tanto deportivas como para el d\u00eda a d\u00eda, por lo que son unas mallas imprescindibles en el fondo de armario.<\/p>\n<p>&nbsp;<\/p>\n","protected":false},"featured_media":48,"template":"","meta":{"nf_dc_page":"","om_disable_all_campaigns":false,"_monsterinsights_skip_tracking":false,"_monsterinsights_sitenote_active":false,"_monsterinsights_sitenote_note":"","_monsterinsights_sitenote_category":0},"product_cat":[15],"product_tag":[],"jetpack_sharing_enabled":true,"_links":{"self":[{"href":"https:\/\/pelicanoshop.com\/index.php\/wp-json\/wp\/v2\/product\/46"}],"collection":[{"href":"https:\/\/pelicanoshop.com\/index.php\/wp-json\/wp\/v2\/product"}],"about":[{"href":"https:\/\/pelicanoshop.com\/index.php\/wp-json\/wp\/v2\/types\/product"}],"version-history":[{"count":5,"href":"https:\/\/pelicanoshop.com\/index.php\/wp-json\/wp\/v2\/product\/46\/revisions"}],"predecessor-version":[{"id":293,"href":"https:\/\/pelicanoshop.com\/index.php\/wp-json\/wp\/v2\/product\/46\/revisions\/293"}],"wp:featuredmedia":[{"embeddable":true,"href":"https:\/\/pelicanoshop.com\/index.php\/wp-json\/wp\/v2\/media\/48"}],"wp:attachment":[{"href":"https:\/\/pelicanoshop.com\/index.php\/wp-json\/wp\/v2\/media?parent=46"}],"wp:term":[{"taxonomy":"product_cat","embeddable":true,"href":"https:\/\/pelicanoshop.com\/index.php\/wp-json\/wp\/v2\/product_cat?post=46"},{"taxonomy":"product_tag","embeddable":true,"href":"https:\/\/pelicanoshop.com\/index.php\/wp-json\/wp\/v2\/product_tag?post=46"}],"curies":[{"name":"wp","href":"https:\/\/api.w.org\/{rel}","templated":true}]}}