{"id":394,"date":"2022-02-25T00:42:21","date_gmt":"2022-02-24T22:42:21","guid":{"rendered":"https:\/\/pelicanoshop.com\/?post_type=product&#038;p=394"},"modified":"2022-04-13T16:40:09","modified_gmt":"2022-04-13T14:40:09","slug":"fiambrera-electrica-jan","status":"publish","type":"product","link":"https:\/\/pelicanoshop.com\/index.php\/product\/fiambrera-electrica-jan\/","title":{"rendered":"Fiambrera El\u00e9ctrica JAN"},"content":{"rendered":"<div class=\"row align-equal row-box-shadow-2 row-box-shadow-5-hover\"  id=\"row-645078141\">\n\n\t<div id=\"col-1112785916\" class=\"col medium-4 small-12 large-4\"  >\n\t\t\t\t<div class=\"col-inner\"  >\n\t\t\t\n\t\t\t\n  <div class=\"icon-box testimonial-box icon-box-center text-center\">\n                <div class=\"icon-box-img testimonial-image circle\" style=\"width: 121px\">\n                      <\/div>\n                <div class=\"icon-box-text p-last-0\">\n          <div class=\"star-rating\"><span style=\"width:100%\"><strong class=\"rating\"><\/strong><\/span><\/div>  \t\t\t\t<div class=\"testimonial-text line-height-small italic test_text first-reset last-reset is-italic\">\n            \n<p>Es super \u00fatil si trabajas fuera de casa. Poder llevarte cualquier cosa para comer es una ventaja muy grande. Siempre ten\u00eda que llevarme platos fr\u00edos, pero con este invento puedo llevarme cualquier cosa a la obra. Lo enchufas, y en 20 minutitos esta todo calentito. S\u00faper pr\u00e1ctico!<br \/>\nLa verdad es que estoy encantado y considero que tiene una buena relaci\u00f3n calidad-precio.<\/p>\n          <\/div>\n          <div class=\"testimonial-meta pt-half\">\n             <strong class=\"testimonial-name test_name\">Tomas S\u00e1nchez<\/strong>\n                          <span class=\"testimonial-company test_company\"><\/span>\n          <\/div>\n        <\/div>\n  <\/div>\n\n  \n\t\t<\/div>\n\t\t\t\t\t<\/div>\n\n\t\n\n\t<div id=\"col-1476142623\" class=\"col medium-4 small-12 large-4\"  >\n\t\t\t\t<div class=\"col-inner\"  >\n\t\t\t\n\t\t\t\n  <div class=\"icon-box testimonial-box icon-box-center text-center\">\n                <div class=\"icon-box-img testimonial-image circle\" style=\"width: 121px\">\n                      <\/div>\n                <div class=\"icon-box-text p-last-0\">\n          <div class=\"star-rating\"><span style=\"width:100%\"><strong class=\"rating\"><\/strong><\/span><\/div>  \t\t\t\t<div class=\"testimonial-text line-height-small italic test_text first-reset last-reset is-italic\">\n            \n<div class=\"e-box h-p2 -stacked -radius-none\">\n<p class=\"t-body h-my1\">La volver\u00eda a comprar una y mil veces. S\u00faper ligera, con muy buena capacidad para meter buena cantidad de comida, la tapa cierra perfectamente y las salsas no se salen, calienta r\u00e1pido, no pesa, la bandeja extra\u00edble se limpia s\u00faper bien, el compartimento para los cubiertos viene de lujo y adoro que te venga con su propio tupper para meter m\u00e1s de una comida. 10\/10.<\/p>\n<\/div>\n          <\/div>\n          <div class=\"testimonial-meta pt-half\">\n             <strong class=\"testimonial-name test_name\">Andrea Ruiz<\/strong>\n                          <span class=\"testimonial-company test_company\"><\/span>\n          <\/div>\n        <\/div>\n  <\/div>\n\n  \n\t\t<\/div>\n\t\t\t\t\t<\/div>\n\n\t\n\n\t<div id=\"col-7626786\" class=\"col medium-4 small-12 large-4\"  >\n\t\t\t\t<div class=\"col-inner\"  >\n\t\t\t\n\t\t\t\n  <div class=\"icon-box testimonial-box icon-box-center text-center\">\n                <div class=\"icon-box-img testimonial-image circle\" style=\"width: 121px\">\n                      <\/div>\n                <div class=\"icon-box-text p-last-0\">\n          <div class=\"star-rating\"><span style=\"width:100%\"><strong class=\"rating\"><\/strong><\/span><\/div>  \t\t\t\t<div class=\"testimonial-text line-height-small italic test_text first-reset last-reset is-italic\">\n            \n<p>Es muy pr\u00e1ctico, ya que ahora he vuelto a trabajar de forma presencial y en la oficina donde comemos no hay microondas. Por lo que llevar este dispositivo que es una gran alternativa. 30 minutos antes de comer, lo enciendes y ya comes caliente sin necesidad de microondas. Tambi\u00e9n me parece una buena opci\u00f3n para irte de excursi\u00f3n y si quieres comer caliente en medio del campo.<\/p>\n          <\/div>\n          <div class=\"testimonial-meta pt-half\">\n             <strong class=\"testimonial-name test_name\">David Alonso<\/strong>\n                          <span class=\"testimonial-company test_company\"><\/span>\n          <\/div>\n        <\/div>\n  <\/div>\n\n  \n\t\t<\/div>\n\t\t\t\t\t<\/div>\n\n\t\n\n<style>\n#row-645078141 > .col > .col-inner {\n  padding: 30px 30px 30px 30px;\n}\n<\/style>\n<\/div>\n","protected":false},"excerpt":{"rendered":"<p>\u00bfCansado de comer alimentos fr\u00edos en la universidad o el trabajo?\u00a0 \u00a0 \u00a0 \u00a0 \u00a0 \u00a0 \u00a0 \u00a0 \u00a0 \u00a0 Con nuestra Fiambrera El\u00e9ctrica JAN podr\u00e1s comer caliente y de una forma saludable en el d\u00eda a d\u00eda, pero sin gastarte un dinero exagerado en ello. Ya que comer\u00e1s comida casera en vez de acudir diariamente al restaurante.<\/p>\n<p>Si hasta ahora te planteabas solamente utilizarla para la oficina, disponer del conector del coche como una fuente de alimentaci\u00f3n de la fiambrera te ampl\u00eda las posibilidades de uso. De esta forma, podr\u00e1s calentar la comida cuando est\u00e9s en el campo haciendo un picnic o pasando el d\u00eda haciendo una excursi\u00f3n en el monte.<\/p>\n<p>En definitiva, si eres una persona preocupada por su salud o amante del Fitness, la Fiambrera El\u00e9ctrica JAN es una forma de comer bien en el ritmo fren\u00e9tico que impone la vida diaria.<\/p>\n","protected":false},"featured_media":408,"template":"","meta":{"nf_dc_page":"","om_disable_all_campaigns":false,"_monsterinsights_skip_tracking":false,"_monsterinsights_sitenote_active":false,"_monsterinsights_sitenote_note":"","_monsterinsights_sitenote_category":0},"product_cat":[15],"product_tag":[],"jetpack_sharing_enabled":true,"_links":{"self":[{"href":"https:\/\/pelicanoshop.com\/index.php\/wp-json\/wp\/v2\/product\/394"}],"collection":[{"href":"https:\/\/pelicanoshop.com\/index.php\/wp-json\/wp\/v2\/product"}],"about":[{"href":"https:\/\/pelicanoshop.com\/index.php\/wp-json\/wp\/v2\/types\/product"}],"version-history":[{"count":13,"href":"https:\/\/pelicanoshop.com\/index.php\/wp-json\/wp\/v2\/product\/394\/revisions"}],"predecessor-version":[{"id":425,"href":"https:\/\/pelicanoshop.com\/index.php\/wp-json\/wp\/v2\/product\/394\/revisions\/425"}],"wp:featuredmedia":[{"embeddable":true,"href":"https:\/\/pelicanoshop.com\/index.php\/wp-json\/wp\/v2\/media\/408"}],"wp:attachment":[{"href":"https:\/\/pelicanoshop.com\/index.php\/wp-json\/wp\/v2\/media?parent=394"}],"wp:term":[{"taxonomy":"product_cat","embeddable":true,"href":"https:\/\/pelicanoshop.com\/index.php\/wp-json\/wp\/v2\/product_cat?post=394"},{"taxonomy":"product_tag","embeddable":true,"href":"https:\/\/pelicanoshop.com\/index.php\/wp-json\/wp\/v2\/product_tag?post=394"}],"curies":[{"name":"wp","href":"https:\/\/api.w.org\/{rel}","templated":true}]}}