{"id":30,"date":"2021-01-24T10:59:32","date_gmt":"2021-01-24T10:59:32","guid":{"rendered":"https:\/\/pelicanoshop.com\/?post_type=product&#038;p=30"},"modified":"2022-04-13T16:48:18","modified_gmt":"2022-04-13T14:48:18","slug":"smartwatch-px5","status":"publish","type":"product","link":"https:\/\/pelicanoshop.com\/index.php\/product\/smartwatch-px5\/","title":{"rendered":"Smartwatch PX5"},"content":{"rendered":"<div class=\"row align-equal row-box-shadow-2 row-box-shadow-5-hover\"  id=\"row-245034\">\n\n\t<div id=\"col-128869586\" class=\"col medium-4 small-12 large-4\"  >\n\t\t\t\t<div class=\"col-inner\"  >\n\t\t\t\n\t\t\t\n  <div class=\"icon-box testimonial-box icon-box-center text-center\">\n                <div class=\"icon-box-img testimonial-image circle\" style=\"width: 121px\">\n                      <\/div>\n                <div class=\"icon-box-text p-last-0\">\n          <div class=\"star-rating\"><span style=\"width:100%\"><strong class=\"rating\"><\/strong><\/span><\/div>  \t\t\t\t<div class=\"testimonial-text line-height-small italic test_text first-reset last-reset is-italic\">\n            \n<p>Una maravilla de reloj.<br \/>\nTiene muchas funciones: cron\u00f3metro, monitor de frecuencia card\u00edaca, te mide las calor\u00edas y llegan todas las notificaciones de WhatsApp y Instagram a la perfecci\u00f3n.<br \/>\nEs compatible con Android y iOS.<br \/>\nEs muy c\u00f3modo el tacto en la mu\u00f1eca. Estoy encantada con \u00e9l.<br \/>\nTiene 12 modalidades de deporte.<br \/>\nEl env\u00edo ha sido muy r\u00e1pido y calidad precio es excepcional.<br \/>\nLo recomiendo 100%.<\/p>\n          <\/div>\n          <div class=\"testimonial-meta pt-half\">\n             <strong class=\"testimonial-name test_name\">Elena Garcia<\/strong>\n                          <span class=\"testimonial-company test_company\"><\/span>\n          <\/div>\n        <\/div>\n  <\/div>\n\n  \n\t\t<\/div>\n\t\t\t\t\t<\/div>\n\n\t\n\n\t<div id=\"col-827083362\" class=\"col medium-4 small-12 large-4\"  >\n\t\t\t\t<div class=\"col-inner\"  >\n\t\t\t\n\t\t\t\n  <div class=\"icon-box testimonial-box icon-box-center text-center\">\n                <div class=\"icon-box-img testimonial-image circle\" style=\"width: 121px\">\n                      <\/div>\n                <div class=\"icon-box-text p-last-0\">\n          <div class=\"star-rating\"><span style=\"width:100%\"><strong class=\"rating\"><\/strong><\/span><\/div>  \t\t\t\t<div class=\"testimonial-text line-height-small italic test_text first-reset last-reset is-italic\">\n            \n<div class=\"e-box h-p2 -stacked -radius-none\">\n<p class=\"t-body h-my1\">Muy buen reloj para costar menos de 50\u20ac.<br \/>\nSe ve de muy buena calidad.<br \/>\nLa autonom\u00eda es ciertamente muy buena pues tras casi dos semanas de uso solo tuve que cargarlo una vez.<br \/>\nEl dise\u00f1o es muy minimalista, como si llevases un Casio de los de antes, pero con la tecnolog\u00eda de ahora.<br \/>\nEn resumen una muy buena elecci\u00f3n si quieres empezar en el mundo de los smartwatch por un bajo precio.<\/p>\n<\/div>\n          <\/div>\n          <div class=\"testimonial-meta pt-half\">\n             <strong class=\"testimonial-name test_name\">Daniel Fern\u00e1ndez<\/strong>\n                          <span class=\"testimonial-company test_company\"><\/span>\n          <\/div>\n        <\/div>\n  <\/div>\n\n  \n\t\t<\/div>\n\t\t\t\t\t<\/div>\n\n\t\n\n\t<div id=\"col-639537714\" class=\"col medium-4 small-12 large-4\"  >\n\t\t\t\t<div class=\"col-inner\"  >\n\t\t\t\n\t\t\t\n  <div class=\"icon-box testimonial-box icon-box-center text-center\">\n                <div class=\"icon-box-img testimonial-image circle\" style=\"width: 121px\">\n                      <\/div>\n                <div class=\"icon-box-text p-last-0\">\n          <div class=\"star-rating\"><span style=\"width:100%\"><strong class=\"rating\"><\/strong><\/span><\/div>  \t\t\t\t<div class=\"testimonial-text line-height-small italic test_text first-reset last-reset is-italic\">\n            \n<p>Ya me ha llegado el reloj, el env\u00edo ha sido r\u00e1pido y ha llegado todo en buenas condiciones.<br \/>\nSu funcionamiento es muy sencillo, adem\u00e1s puedes personalizar el fondo y ponerlo a tu estilo.<br \/>\nAl emparejarlo con el m\u00f3vil puedes recibir notificaciones de SMS, Whats app..<br \/>\nEl reloj trae much\u00edsima informaci\u00f3n y es muy intuitivo.<br \/>\nMuy contenta con la compra, sin duda lo recomendar\u00eda.<\/p>\n          <\/div>\n          <div class=\"testimonial-meta pt-half\">\n             <strong class=\"testimonial-name test_name\">Beatriz Delgado<\/strong>\n                          <span class=\"testimonial-company test_company\"><\/span>\n          <\/div>\n        <\/div>\n  <\/div>\n\n  \n\t\t<\/div>\n\t\t\t\t\t<\/div>\n\n\t\n\n<style>\n#row-245034 > .col > .col-inner {\n  padding: 30px 30px 30px 30px;\n}\n<\/style>\n<\/div>\n","protected":false},"excerpt":{"rendered":"<p>Smartwatch de pantalla t\u00e1ctil con m\u00faltiples funciones. Podr\u00e1s ver las notificaciones de tu m\u00f3vil en todo momento, sin tener que sacarlo de el bolsillo.<\/p>\n<p>El regalo perfecto para aquellos preocupados por su salud o amantes del Fitness, ya que con este reloj podr\u00e1s medir la frecuencia cardiaca, la presi\u00f3n arterial o el ox\u00edgeno en sangre. Adem\u00e1s de poder calcular las calor\u00edas consumidas y pasos dados en un d\u00eda, y monitorear tu sue\u00f1o para conocer la calidad del mismo.<\/p>\n<p>Si todas estas caracter\u00edsticas no te convencen, tan solo merece la pena comprarlo por su est\u00e9tica. Ya que por el bajo precio que tiene, adem\u00e1s de todas la tecnolog\u00eda mencionada es un complemento perfecto para tus outfits.<\/p>\n<p>&nbsp;<\/p>\n","protected":false},"featured_media":41,"template":"","meta":{"nf_dc_page":"","om_disable_all_campaigns":false,"_monsterinsights_skip_tracking":false,"_monsterinsights_sitenote_active":false,"_monsterinsights_sitenote_note":"","_monsterinsights_sitenote_category":0},"product_cat":[15],"product_tag":[],"jetpack_sharing_enabled":true,"_links":{"self":[{"href":"https:\/\/pelicanoshop.com\/index.php\/wp-json\/wp\/v2\/product\/30"}],"collection":[{"href":"https:\/\/pelicanoshop.com\/index.php\/wp-json\/wp\/v2\/product"}],"about":[{"href":"https:\/\/pelicanoshop.com\/index.php\/wp-json\/wp\/v2\/types\/product"}],"version-history":[{"count":15,"href":"https:\/\/pelicanoshop.com\/index.php\/wp-json\/wp\/v2\/product\/30\/revisions"}],"predecessor-version":[{"id":427,"href":"https:\/\/pelicanoshop.com\/index.php\/wp-json\/wp\/v2\/product\/30\/revisions\/427"}],"wp:featuredmedia":[{"embeddable":true,"href":"https:\/\/pelicanoshop.com\/index.php\/wp-json\/wp\/v2\/media\/41"}],"wp:attachment":[{"href":"https:\/\/pelicanoshop.com\/index.php\/wp-json\/wp\/v2\/media?parent=30"}],"wp:term":[{"taxonomy":"product_cat","embeddable":true,"href":"https:\/\/pelicanoshop.com\/index.php\/wp-json\/wp\/v2\/product_cat?post=30"},{"taxonomy":"product_tag","embeddable":true,"href":"https:\/\/pelicanoshop.com\/index.php\/wp-json\/wp\/v2\/product_tag?post=30"}],"curies":[{"name":"wp","href":"https:\/\/api.w.org\/{rel}","templated":true}]}}