{"id":184,"date":"2021-05-29T09:17:04","date_gmt":"2021-05-29T09:17:04","guid":{"rendered":"https:\/\/pelicanoshop.com\/?page_id=184"},"modified":"2021-05-29T09:17:04","modified_gmt":"2021-05-29T09:17:04","slug":"terminos-y-condiciones","status":"publish","type":"page","link":"https:\/\/pelicanoshop.com\/index.php\/terminos-y-condiciones\/","title":{"rendered":"T\u00e9rminos y Condiciones"},"content":{"rendered":"<p style=\"margin-top: 0cm; text-align: justify; background: white;\"><strong><span style=\"font-family: Roboto; color: #999999;\">Bienvenido a la tienda online Pelicano Shop. En nuestra Web podr\u00e1s encontrar los mejores productos con el mejor precio garantizado.<\/span><\/strong><\/p>\n<p style=\"margin-top: 0cm; text-align: justify; background: white; box-sizing: inherit; margin-bottom: 1rem; font-size: 1.1rem; font-variant-ligatures: normal; font-variant-caps: normal; orphans: 2; widows: 2; -webkit-text-stroke-width: 0px; text-decoration-thickness: initial; text-decoration-style: initial; text-decoration-color: initial; word-spacing: 0px;\"><strong style=\"box-sizing: inherit;\"><span style=\"font-family: Roboto; color: #999999;\">Es muy sencillo comprar en nuestra Web. Si es la primera vez que vas a realizar una compra, haz click en Registro y completa los datos solicitados, una vez realizado te llegar\u00e1 un email de validaci\u00f3n donde deber\u00e1s realizar los pasos indicados. Una vez validado tu registro, navega por el men\u00fa de productos y selecciona los productos que desees a\u00f1adir a tu pedido. Finalmente pulsa en Mostrar Carro para tramitar tu compra.<\/span><\/strong><\/p>\n<p style=\"margin-top: 0cm; text-align: justify; background: white; box-sizing: inherit; margin-bottom: 1rem; font-size: 1.1rem; font-variant-ligatures: normal; font-variant-caps: normal; orphans: 2; widows: 2; -webkit-text-stroke-width: 0px; text-decoration-thickness: initial; text-decoration-style: initial; text-decoration-color: initial; word-spacing: 0px;\"><strong style=\"box-sizing: inherit;\"><span style=\"font-family: Roboto; color: #999999;\">Para terminar el proceso de compra, se te solicitar\u00e1 completar un breve formulario con tus datos de env\u00edo, Si deseas registrarte ahora pulse en el siguiente enlace:\u00a0www.pelicanoshop.com<\/span><\/strong><\/p>\n<p style=\"margin-top: 0cm; text-align: justify; background: white; box-sizing: inherit; margin-bottom: 1rem; font-size: 1.1rem; font-variant-ligatures: normal; font-variant-caps: normal; orphans: 2; widows: 2; -webkit-text-stroke-width: 0px; text-decoration-thickness: initial; text-decoration-style: initial; text-decoration-color: initial; word-spacing: 0px;\"><strong style=\"box-sizing: inherit;\"><span style=\"font-family: Roboto; color: #999999;\">Si ya est\u00e1s registrado en nuestra Web, solo debes introducir tu cuenta de e-mail y contrase\u00f1a para comenzar a comprar o hacerlo cuando ya hayas preparado tu pedido. En el caso de que no recuerdes tu contrase\u00f1a, puedes pinchar en &#8220;\u00bfHas olvidado tu contrase\u00f1a?&#8221; y te ser\u00e1 enviada una nueva a tu cuenta de correo con la que te hayas registrado.<\/span><\/strong><\/p>\n<p style=\"margin-top: 0cm; text-align: justify; background: white; box-sizing: inherit; margin-bottom: 1rem; font-size: 1.1rem; font-variant-ligatures: normal; font-variant-caps: normal; orphans: 2; widows: 2; -webkit-text-stroke-width: 0px; text-decoration-thickness: initial; text-decoration-style: initial; text-decoration-color: initial; word-spacing: 0px;\"><strong style=\"box-sizing: inherit;\"><span style=\"font-family: Roboto; color: #999999;\">Una vez registrado como cliente de www.pelicanoshop.com y tras recibir tu primer pedido. Tendr\u00e1s acceso a sorteos y promociones de los que te mantendremos informado.<\/span><\/strong><\/p>\n","protected":false},"excerpt":{"rendered":"<p>Bienvenido a la tienda online Pelicano Shop. En nuestra Web podr\u00e1s encontrar los mejores productos con el mejor precio garantizado. Es muy sencillo comprar en nuestra Web. Si es la primera vez que vas a realizar una compra, haz click en Registro y completa los datos solicitados, una vez realizado te llegar\u00e1 un email de [&#8230;]\n","protected":false},"author":1,"featured_media":0,"parent":0,"menu_order":0,"comment_status":"closed","ping_status":"closed","template":"","meta":{"nf_dc_page":"","om_disable_all_campaigns":false,"_monsterinsights_skip_tracking":false,"_monsterinsights_sitenote_active":false,"_monsterinsights_sitenote_note":"","_monsterinsights_sitenote_category":0,"footnotes":""},"jetpack_sharing_enabled":true,"_links":{"self":[{"href":"https:\/\/pelicanoshop.com\/index.php\/wp-json\/wp\/v2\/pages\/184"}],"collection":[{"href":"https:\/\/pelicanoshop.com\/index.php\/wp-json\/wp\/v2\/pages"}],"about":[{"href":"https:\/\/pelicanoshop.com\/index.php\/wp-json\/wp\/v2\/types\/page"}],"author":[{"embeddable":true,"href":"https:\/\/pelicanoshop.com\/index.php\/wp-json\/wp\/v2\/users\/1"}],"replies":[{"embeddable":true,"href":"https:\/\/pelicanoshop.com\/index.php\/wp-json\/wp\/v2\/comments?post=184"}],"version-history":[{"count":1,"href":"https:\/\/pelicanoshop.com\/index.php\/wp-json\/wp\/v2\/pages\/184\/revisions"}],"predecessor-version":[{"id":185,"href":"https:\/\/pelicanoshop.com\/index.php\/wp-json\/wp\/v2\/pages\/184\/revisions\/185"}],"wp:attachment":[{"href":"https:\/\/pelicanoshop.com\/index.php\/wp-json\/wp\/v2\/media?parent=184"}],"curies":[{"name":"wp","href":"https:\/\/api.w.org\/{rel}","templated":true}]}}