{"id":166,"date":"2021-05-28T18:02:16","date_gmt":"2021-05-28T18:02:16","guid":{"rendered":"https:\/\/pelicanoshop.com\/?page_id=166"},"modified":"2021-05-29T07:45:12","modified_gmt":"2021-05-29T07:45:12","slug":"politica-de-envios","status":"publish","type":"page","link":"https:\/\/pelicanoshop.com\/index.php\/politica-de-envios\/","title":{"rendered":"Pol\u00edtica de Env\u00edos"},"content":{"rendered":"<p style=\"text-align: left;\"><strong><u>ENV\u00cdOS Y ADUANAS<\/u><\/strong><\/p>\n<ul>\n<li><strong>\u00bfCu\u00e1ndo se procesar\u00e1 mi pedido?<\/strong><\/li>\n<\/ul>\n<p>Todos los pedidos se gestionan y env\u00edan desde nuestro almac\u00e9n en China.<\/p>\n<p>Por favor, perm\u00edtanos un tiempo extra para que su pedido sea procesado durante los d\u00edas festivos y de rebajas.<\/p>\n<p>Procesamos los pedidos entre el lunes y el viernes, en un plazo de 3 a 5 d\u00edas laborables a partir de la fecha del pedido y se env\u00edan al d\u00eda siguiente de la tramitaci\u00f3n.<\/p>\n<p>Tenga en cuenta que no realizamos env\u00edos los fines de semana.<\/p>\n<ul>\n<li><strong>\u00bfCu\u00e1nto tiempo tardar\u00e9 en recibir mi pedido?<\/strong><\/li>\n<\/ul>\n<p>Una vez que realice su pedido, espere de 3 a 5 d\u00edas h\u00e1biles para que se procese su pedido.<\/p>\n<p>Despu\u00e9s, la entrega tardar\u00e1 entre 12 y 20 d\u00edas laborables.<\/p>\n<ul>\n<li><strong>\u00bfSe me cobrar\u00e1n las aduanas y los impuestos?<\/strong><\/li>\n<\/ul>\n<p>Los precios que aparecen en nuestro sitio est\u00e1n libres de impuestos en euros, lo que significa que una vez que su pedido llegue a su destino final, pueden cobrarse impuestos de importaci\u00f3n, aranceles y tasas de aduana.<\/p>\n<p>El pago de estos cargos e impuestos es su responsabilidad.<\/p>\n<p>No nos hacemos responsables de los retrasos causados por el departamento de aduanas de su pa\u00eds. Para m\u00e1s detalles sobre los gastos, p\u00f3ngase en contacto con su oficina de aduanas local.<\/p>\n","protected":false},"excerpt":{"rendered":"<p>ENV\u00cdOS Y ADUANAS \u00bfCu\u00e1ndo se procesar\u00e1 mi pedido? Todos los pedidos se gestionan y env\u00edan desde nuestro almac\u00e9n en China. Por favor, perm\u00edtanos un tiempo extra para que su pedido sea procesado durante los d\u00edas festivos y de rebajas. Procesamos los pedidos entre el lunes y el viernes, en un plazo de 3 a 5 [&#8230;]\n","protected":false},"author":1,"featured_media":0,"parent":0,"menu_order":0,"comment_status":"closed","ping_status":"closed","template":"","meta":{"nf_dc_page":"","om_disable_all_campaigns":false,"_monsterinsights_skip_tracking":false,"_monsterinsights_sitenote_active":false,"_monsterinsights_sitenote_note":"","_monsterinsights_sitenote_category":0,"footnotes":""},"jetpack_sharing_enabled":true,"_links":{"self":[{"href":"https:\/\/pelicanoshop.com\/index.php\/wp-json\/wp\/v2\/pages\/166"}],"collection":[{"href":"https:\/\/pelicanoshop.com\/index.php\/wp-json\/wp\/v2\/pages"}],"about":[{"href":"https:\/\/pelicanoshop.com\/index.php\/wp-json\/wp\/v2\/types\/page"}],"author":[{"embeddable":true,"href":"https:\/\/pelicanoshop.com\/index.php\/wp-json\/wp\/v2\/users\/1"}],"replies":[{"embeddable":true,"href":"https:\/\/pelicanoshop.com\/index.php\/wp-json\/wp\/v2\/comments?post=166"}],"version-history":[{"count":2,"href":"https:\/\/pelicanoshop.com\/index.php\/wp-json\/wp\/v2\/pages\/166\/revisions"}],"predecessor-version":[{"id":177,"href":"https:\/\/pelicanoshop.com\/index.php\/wp-json\/wp\/v2\/pages\/166\/revisions\/177"}],"wp:attachment":[{"href":"https:\/\/pelicanoshop.com\/index.php\/wp-json\/wp\/v2\/media?parent=166"}],"curies":[{"name":"wp","href":"https:\/\/api.w.org\/{rel}","templated":true}]}}