{"id":120,"date":"2021-05-27T18:32:49","date_gmt":"2021-05-27T18:32:49","guid":{"rendered":"https:\/\/pelicanoshop.com\/?page_id=120"},"modified":"2021-05-29T10:42:54","modified_gmt":"2021-05-29T10:42:54","slug":"acerca-de-nosotros","status":"publish","type":"page","link":"https:\/\/pelicanoshop.com\/index.php\/acerca-de-nosotros\/","title":{"rendered":"Acerca de Nosotros"},"content":{"rendered":"<p><strong>Que\u0301 hacemos<\/strong><\/p>\n<p>En Pelicano Shop nos encargamos de disen\u0303ar el regalo perfecto para tu amiga, madre, cun\u0303ada, primo, pelicano y para ti.<br \/>\n\u00a1Te esperamos con los brazos abiertos y la tienda llena!<\/p>\n<p>Nuestra misi\u00f3n, es ofrecer productos divertidos y originales a precio atractivo, proporcionando al cliente una experiencia de compra sorprendente y divertida.<\/p>\n<p>Pelicano Shop nace como una idea de unos j\u00f3venes universitarios que tienen la visi\u00f3n de un modelo de tienda que vende productos propios, con la mejor calidad e innovaci\u00f3n, que son \u00fatiles y a los mejores precios.<\/p>\n<p>Lo que empez\u00f3 siendo un proyecto entre amigos, ha terminado por ser una empresa que vende en todo el mundo y con idea de pasar a vender en tienda f\u00edsica.<\/p>\n<p>&nbsp;<\/p>\n<p><img fetchpriority=\"high\" decoding=\"async\" class=\"wp-image-126 aligncenter\" src=\"https:\/\/i0.wp.com\/pelicanoshop.com\/wp-content\/uploads\/2021\/05\/Foto-para-el-About-us-3.jpg?resize=584%2C329\" alt=\"\" width=\"584\" height=\"329\" srcset=\"https:\/\/i0.wp.com\/pelicanoshop.com\/wp-content\/uploads\/2021\/05\/Foto-para-el-About-us-3.jpg?resize=300%2C169&amp;ssl=1 300w, https:\/\/i0.wp.com\/pelicanoshop.com\/wp-content\/uploads\/2021\/05\/Foto-para-el-About-us-3.jpg?resize=1024%2C576&amp;ssl=1 1024w, https:\/\/i0.wp.com\/pelicanoshop.com\/wp-content\/uploads\/2021\/05\/Foto-para-el-About-us-3.jpg?resize=768%2C432&amp;ssl=1 768w, https:\/\/i0.wp.com\/pelicanoshop.com\/wp-content\/uploads\/2021\/05\/Foto-para-el-About-us-3.jpg?resize=600%2C338&amp;ssl=1 600w, https:\/\/i0.wp.com\/pelicanoshop.com\/wp-content\/uploads\/2021\/05\/Foto-para-el-About-us-3.jpg?w=1152&amp;ssl=1 1152w\" sizes=\"(max-width: 584px) 100vw, 584px\" data-recalc-dims=\"1\" \/><\/p>\n<p>&nbsp;<\/p>\n","protected":false},"excerpt":{"rendered":"<p>Que\u0301 hacemos En Pelicano Shop nos encargamos de disen\u0303ar el regalo perfecto para tu amiga, madre, cun\u0303ada, primo, pelicano y para ti. \u00a1Te esperamos con los brazos abiertos y la tienda llena! Nuestra misi\u00f3n, es ofrecer productos divertidos y originales a precio atractivo, proporcionando al cliente una experiencia de compra sorprendente y divertida. Pelicano Shop [&#8230;]\n","protected":false},"author":1,"featured_media":0,"parent":0,"menu_order":0,"comment_status":"closed","ping_status":"closed","template":"","meta":{"nf_dc_page":"","om_disable_all_campaigns":false,"_monsterinsights_skip_tracking":false,"_monsterinsights_sitenote_active":false,"_monsterinsights_sitenote_note":"","_monsterinsights_sitenote_category":0,"footnotes":""},"jetpack_sharing_enabled":true,"_links":{"self":[{"href":"https:\/\/pelicanoshop.com\/index.php\/wp-json\/wp\/v2\/pages\/120"}],"collection":[{"href":"https:\/\/pelicanoshop.com\/index.php\/wp-json\/wp\/v2\/pages"}],"about":[{"href":"https:\/\/pelicanoshop.com\/index.php\/wp-json\/wp\/v2\/types\/page"}],"author":[{"embeddable":true,"href":"https:\/\/pelicanoshop.com\/index.php\/wp-json\/wp\/v2\/users\/1"}],"replies":[{"embeddable":true,"href":"https:\/\/pelicanoshop.com\/index.php\/wp-json\/wp\/v2\/comments?post=120"}],"version-history":[{"count":5,"href":"https:\/\/pelicanoshop.com\/index.php\/wp-json\/wp\/v2\/pages\/120\/revisions"}],"predecessor-version":[{"id":201,"href":"https:\/\/pelicanoshop.com\/index.php\/wp-json\/wp\/v2\/pages\/120\/revisions\/201"}],"wp:attachment":[{"href":"https:\/\/pelicanoshop.com\/index.php\/wp-json\/wp\/v2\/media?parent=120"}],"curies":[{"name":"wp","href":"https:\/\/api.w.org\/{rel}","templated":true}]}}